{"id":169,"date":"2025-03-23T15:47:37","date_gmt":"2025-03-23T14:47:37","guid":{"rendered":"https:\/\/www.roulageplus.sk\/?page_id=169"},"modified":"2025-04-09T21:02:01","modified_gmt":"2025-04-09T19:02:01","slug":"sluzby","status":"publish","type":"page","link":"https:\/\/www.roulageplus.sk\/fr\/sluzby\/","title":{"rendered":"Services"},"content":{"rendered":"<div data-elementor-type=\"wp-page\" data-elementor-id=\"169\" class=\"elementor elementor-169\" data-elementor-post-type=\"page\">\n\t\t\t\t\t\t<section class=\"elementor-section elementor-top-section elementor-element elementor-element-361f12f0 elementor-section-height-min-height elementor-section-boxed elementor-section-height-default elementor-section-items-middle\" data-id=\"361f12f0\" data-element_type=\"section\" data-e-type=\"section\" data-settings=\"{&quot;background_background&quot;:&quot;classic&quot;}\">\n\t\t\t\t\t\t\t<div class=\"elementor-background-overlay\"><\/div>\n\t\t\t\t\t\t\t<div class=\"elementor-container elementor-column-gap-default\">\n\t\t\t\t\t<div class=\"elementor-column elementor-col-100 elementor-top-column elementor-element elementor-element-22358d2\" data-id=\"22358d2\" data-element_type=\"column\" data-e-type=\"column\">\n\t\t\t<div class=\"elementor-widget-wrap elementor-element-populated\">\n\t\t\t\t\t\t<div class=\"elementor-element elementor-element-6c16fdca elementor-invisible elementor-widget elementor-widget-heading\" data-id=\"6c16fdca\" data-element_type=\"widget\" data-e-type=\"widget\" data-settings=\"{&quot;_animation&quot;:&quot;fadeInUp&quot;}\" data-widget_type=\"heading.default\">\n\t\t\t\t\t<h1 class=\"elementor-heading-title elementor-size-default\">Services<\/h1>\t\t\t\t<\/div>\n\t\t\t\t<div class=\"elementor-element elementor-element-25830700 elementor-invisible elementor-widget elementor-widget-text-editor\" data-id=\"25830700\" data-element_type=\"widget\" data-e-type=\"widget\" data-settings=\"{&quot;_animation&quot;:&quot;fadeInUp&quot;}\" data-widget_type=\"text-editor.default\">\n\t\t\t\t\t\t\t\t\t<p>Na\u0161e pon\u00fakan\u00e9 \u0161pedi\u010dn\u00e9 slu\u017eby \u2013 pre koho s\u00fa vhodn\u00e9 a \u010do dok\u00e1\u017eeme prepravi\u0165?<\/p>\t\t\t\t\t\t\t\t<\/div>\n\t\t\t\t<div class=\"elementor-element elementor-element-628bf2ea elementor-icon-list--layout-inline elementor-align-center elementor-list-item-link-full_width elementor-widget elementor-widget-icon-list\" data-id=\"628bf2ea\" data-element_type=\"widget\" data-e-type=\"widget\" data-widget_type=\"icon-list.default\">\n\t\t\t\t\t\t\t<ul class=\"elementor-icon-list-items elementor-inline-items\">\n\t\t\t\t\t\t\t<li class=\"elementor-icon-list-item elementor-inline-item\">\n\t\t\t\t\t\t\t\t\t\t<span class=\"elementor-icon-list-text\">Accueil<\/span>\n\t\t\t\t\t\t\t\t\t<\/li>\n\t\t\t\t\t\t\t\t<li class=\"elementor-icon-list-item elementor-inline-item\">\n\t\t\t\t\t\t\t\t\t\t<span class=\"elementor-icon-list-text\">\/<\/span>\n\t\t\t\t\t\t\t\t\t<\/li>\n\t\t\t\t\t\t\t\t<li class=\"elementor-icon-list-item elementor-inline-item\">\n\t\t\t\t\t\t\t\t\t\t\t<a href=\"https:\/\/www.roulageplus.sk\/index.php\/sluzby\/\">\n\n\t\t\t\t\t\t\t\t\t\t\t<span class=\"elementor-icon-list-text\">Services<\/span>\n\t\t\t\t\t\t\t\t\t\t\t<\/a>\n\t\t\t\t\t\t\t\t\t<\/li>\n\t\t\t\t\t\t<\/ul>\n\t\t\t\t\t\t<\/div>\n\t\t\t\t\t<\/div>\n\t\t<\/div>\n\t\t\t\t\t<\/div>\n\t\t<\/section>\n\t\t\t\t<section class=\"elementor-section elementor-top-section elementor-element elementor-element-46927a48 elementor-section-boxed elementor-section-height-default elementor-section-height-default\" data-id=\"46927a48\" data-element_type=\"section\" data-e-type=\"section\">\n\t\t\t\t\t\t<div class=\"elementor-container elementor-column-gap-default\">\n\t\t\t\t\t<div class=\"elementor-column elementor-col-100 elementor-top-column elementor-element elementor-element-b48a93b\" data-id=\"b48a93b\" data-element_type=\"column\" data-e-type=\"column\">\n\t\t\t<div class=\"elementor-widget-wrap elementor-element-populated\">\n\t\t\t\t\t\t<div class=\"elementor-element elementor-element-222631ee elementor-widget elementor-widget-heading\" data-id=\"222631ee\" data-element_type=\"widget\" data-e-type=\"widget\" data-widget_type=\"heading.default\">\n\t\t\t\t\t<h2 class=\"elementor-heading-title elementor-size-default\">NOS SERVICES<\/h2>\t\t\t\t<\/div>\n\t\t\t\t<div class=\"elementor-element elementor-element-7fe1b144 elementor-widget elementor-widget-text-editor\" data-id=\"7fe1b144\" data-element_type=\"widget\" data-e-type=\"widget\" data-widget_type=\"text-editor.default\">\n\t\t\t\t\t\t\t\t\t<p>Na\u0161e pon\u00fakan\u00e9 \u0161pedi\u010dn\u00e9 slu\u017eby \u2013 pre koho s\u00fa vhodn\u00e9 a \u010do dok\u00e1\u017eeme prepravi\u0165?<\/p>\t\t\t\t\t\t\t\t<\/div>\n\t\t\t\t\t<\/div>\n\t\t<\/div>\n\t\t\t\t\t<\/div>\n\t\t<\/section>\n\t\t\t\t<section class=\"elementor-section elementor-top-section elementor-element elementor-element-6aea07e7 elementor-section-boxed elementor-section-height-default elementor-section-height-default\" data-id=\"6aea07e7\" data-element_type=\"section\" data-e-type=\"section\">\n\t\t\t\t\t\t<div class=\"elementor-container elementor-column-gap-default\">\n\t\t\t\t\t<div class=\"elementor-column elementor-col-25 elementor-top-column elementor-element elementor-element-7abfe843\" data-id=\"7abfe843\" data-element_type=\"column\" data-e-type=\"column\">\n\t\t\t<div class=\"elementor-widget-wrap elementor-element-populated\">\n\t\t\t\t\t\t<section class=\"elementor-section elementor-inner-section elementor-element elementor-element-175d1879 elementor-section-boxed elementor-section-height-default elementor-section-height-default elementor-invisible\" data-id=\"175d1879\" data-element_type=\"section\" data-e-type=\"section\" data-settings=\"{&quot;background_background&quot;:&quot;classic&quot;,&quot;animation&quot;:&quot;fadeInUp&quot;}\">\n\t\t\t\t\t\t<div class=\"elementor-container elementor-column-gap-default\">\n\t\t\t\t\t<div class=\"elementor-column elementor-col-100 elementor-inner-column elementor-element elementor-element-f77c153\" data-id=\"f77c153\" data-element_type=\"column\" data-e-type=\"column\">\n\t\t\t<div class=\"elementor-widget-wrap elementor-element-populated\">\n\t\t\t\t\t\t<div class=\"elementor-element elementor-element-11962b86 elementor-position-top elementor-widget elementor-widget-image-box\" data-id=\"11962b86\" data-element_type=\"widget\" data-e-type=\"widget\" data-widget_type=\"image-box.default\">\n\t\t\t\t\t<div class=\"elementor-image-box-wrapper\"><figure class=\"elementor-image-box-img\"><img decoding=\"async\" width=\"74\" height=\"74\" src=\"https:\/\/www.roulageplus.sk\/wp-content\/uploads\/2025\/03\/Truck.png\" class=\"attachment-full size-full wp-image-14\" alt=\"\" \/><\/figure><div class=\"elementor-image-box-content\"><h3 class=\"elementor-image-box-title\">EXP\u00c9DITION<\/h3><p class=\"elementor-image-box-description\">L'exp\u00e9dition assure l'organisation compl\u00e8te du transport, y compris les formalit\u00e9s administratives et douani\u00e8res, au nom du client.<\/p><\/div><\/div>\t\t\t\t<\/div>\n\t\t\t\t<div class=\"elementor-element elementor-element-7d4dbaf9 elementor-align-center elementor-widget elementor-widget-button\" data-id=\"7d4dbaf9\" data-element_type=\"widget\" data-e-type=\"widget\" data-widget_type=\"button.default\">\n\t\t\t\t\t\t\t\t\t\t<a class=\"elementor-button elementor-button-link elementor-size-md\" href=\"https:\/\/www.roulageplus.sk\/index.php\/sluzby\/zasielatelstvo-spedicia\/\">\n\t\t\t\t\t\t<span class=\"elementor-button-content-wrapper\">\n\t\t\t\t\t\t\t\t\t<span class=\"elementor-button-text\">PLUS D'INFOS<\/span>\n\t\t\t\t\t<\/span>\n\t\t\t\t\t<\/a>\n\t\t\t\t\t\t\t\t<\/div>\n\t\t\t\t\t<\/div>\n\t\t<\/div>\n\t\t\t\t\t<\/div>\n\t\t<\/section>\n\t\t\t\t\t<\/div>\n\t\t<\/div>\n\t\t\t\t<div class=\"elementor-column elementor-col-25 elementor-top-column elementor-element elementor-element-720f725a\" data-id=\"720f725a\" data-element_type=\"column\" data-e-type=\"column\">\n\t\t\t<div class=\"elementor-widget-wrap elementor-element-populated\">\n\t\t\t\t\t\t<section class=\"elementor-section elementor-inner-section elementor-element elementor-element-495ab0f8 elementor-section-boxed elementor-section-height-default elementor-section-height-default elementor-invisible\" data-id=\"495ab0f8\" data-element_type=\"section\" data-e-type=\"section\" data-settings=\"{&quot;background_background&quot;:&quot;classic&quot;,&quot;animation&quot;:&quot;fadeInUp&quot;}\">\n\t\t\t\t\t\t<div class=\"elementor-container elementor-column-gap-default\">\n\t\t\t\t\t<div class=\"elementor-column elementor-col-100 elementor-inner-column elementor-element elementor-element-704d608a\" data-id=\"704d608a\" data-element_type=\"column\" data-e-type=\"column\">\n\t\t\t<div class=\"elementor-widget-wrap elementor-element-populated\">\n\t\t\t\t\t\t<div class=\"elementor-element elementor-element-213cdfa1 elementor-position-top elementor-widget elementor-widget-image-box\" data-id=\"213cdfa1\" data-element_type=\"widget\" data-e-type=\"widget\" data-widget_type=\"image-box.default\">\n\t\t\t\t\t<div class=\"elementor-image-box-wrapper\"><figure class=\"elementor-image-box-img\"><img decoding=\"async\" width=\"74\" height=\"74\" src=\"https:\/\/www.roulageplus.sk\/wp-content\/uploads\/2025\/03\/Car.png\" class=\"attachment-full size-full wp-image-93\" alt=\"\" \/><\/figure><div class=\"elementor-image-box-content\"><h3 class=\"elementor-image-box-title\">LOGISTIQUE<\/h3><p class=\"elementor-image-box-description\">La logistique assure la livraison des bonnes marchandises et des bons services au bon moment, au bon endroit et dans la quantit\u00e9 exacte, afin de minimiser les co\u00fbts et de maximiser l'efficacit\u00e9.<\/p><\/div><\/div>\t\t\t\t<\/div>\n\t\t\t\t<div class=\"elementor-element elementor-element-73b74325 elementor-align-center elementor-widget elementor-widget-button\" data-id=\"73b74325\" data-element_type=\"widget\" data-e-type=\"widget\" data-widget_type=\"button.default\">\n\t\t\t\t\t\t\t\t\t\t<a class=\"elementor-button elementor-button-link elementor-size-md\" href=\"https:\/\/www.roulageplus.sk\/index.php\/sluzby\/logistika\/\">\n\t\t\t\t\t\t<span class=\"elementor-button-content-wrapper\">\n\t\t\t\t\t\t\t\t\t<span class=\"elementor-button-text\">PLUS D'INFOS<\/span>\n\t\t\t\t\t<\/span>\n\t\t\t\t\t<\/a>\n\t\t\t\t\t\t\t\t<\/div>\n\t\t\t\t\t<\/div>\n\t\t<\/div>\n\t\t\t\t\t<\/div>\n\t\t<\/section>\n\t\t\t\t\t<\/div>\n\t\t<\/div>\n\t\t\t\t<div class=\"elementor-column elementor-col-25 elementor-top-column elementor-element elementor-element-36a998e2\" data-id=\"36a998e2\" data-element_type=\"column\" data-e-type=\"column\">\n\t\t\t<div class=\"elementor-widget-wrap elementor-element-populated\">\n\t\t\t\t\t\t<section class=\"elementor-section elementor-inner-section elementor-element elementor-element-609804e1 elementor-section-boxed elementor-section-height-default elementor-section-height-default elementor-invisible\" data-id=\"609804e1\" data-element_type=\"section\" data-e-type=\"section\" data-settings=\"{&quot;background_background&quot;:&quot;classic&quot;,&quot;animation&quot;:&quot;fadeInUp&quot;}\">\n\t\t\t\t\t\t<div class=\"elementor-container elementor-column-gap-default\">\n\t\t\t\t\t<div class=\"elementor-column elementor-col-100 elementor-inner-column elementor-element elementor-element-348e00f9\" data-id=\"348e00f9\" data-element_type=\"column\" data-e-type=\"column\">\n\t\t\t<div class=\"elementor-widget-wrap elementor-element-populated\">\n\t\t\t\t\t\t<div class=\"elementor-element elementor-element-59a447e9 elementor-position-top elementor-widget elementor-widget-image-box\" data-id=\"59a447e9\" data-element_type=\"widget\" data-e-type=\"widget\" data-widget_type=\"image-box.default\">\n\t\t\t\t\t<div class=\"elementor-image-box-wrapper\"><figure class=\"elementor-image-box-img\"><img decoding=\"async\" width=\"74\" height=\"74\" src=\"https:\/\/www.roulageplus.sk\/wp-content\/uploads\/2025\/03\/Stock.png\" class=\"attachment-full size-full wp-image-75\" alt=\"\" \/><\/figure><div class=\"elementor-image-box-content\"><h3 class=\"elementor-image-box-title\">STOCKAGE<\/h3><p class=\"elementor-image-box-description\">Le stockage est un service logistique qui assure le stockage professionnel des marchandises avec la garantie d'un emplacement correct et d'un entretien soigneux des marchandises.<\/p><\/div><\/div>\t\t\t\t<\/div>\n\t\t\t\t<div class=\"elementor-element elementor-element-5e8abb5a elementor-align-center elementor-widget elementor-widget-button\" data-id=\"5e8abb5a\" data-element_type=\"widget\" data-e-type=\"widget\" data-widget_type=\"button.default\">\n\t\t\t\t\t\t\t\t\t\t<a class=\"elementor-button elementor-button-link elementor-size-md\" href=\"https:\/\/www.roulageplus.sk\/index.php\/sluzby\/skladovanie\/\">\n\t\t\t\t\t\t<span class=\"elementor-button-content-wrapper\">\n\t\t\t\t\t\t\t\t\t<span class=\"elementor-button-text\">PLUS D'INFOS<\/span>\n\t\t\t\t\t<\/span>\n\t\t\t\t\t<\/a>\n\t\t\t\t\t\t\t\t<\/div>\n\t\t\t\t\t<\/div>\n\t\t<\/div>\n\t\t\t\t\t<\/div>\n\t\t<\/section>\n\t\t\t\t\t<\/div>\n\t\t<\/div>\n\t\t\t\t<div class=\"elementor-column elementor-col-25 elementor-top-column elementor-element elementor-element-487c5a27\" data-id=\"487c5a27\" data-element_type=\"column\" data-e-type=\"column\">\n\t\t\t<div class=\"elementor-widget-wrap elementor-element-populated\">\n\t\t\t\t\t\t<section class=\"elementor-section elementor-inner-section elementor-element elementor-element-666543c7 elementor-section-boxed elementor-section-height-default elementor-section-height-default elementor-invisible\" data-id=\"666543c7\" data-element_type=\"section\" data-e-type=\"section\" data-settings=\"{&quot;background_background&quot;:&quot;classic&quot;,&quot;animation&quot;:&quot;fadeInUp&quot;}\">\n\t\t\t\t\t\t<div class=\"elementor-container elementor-column-gap-default\">\n\t\t\t\t\t<div class=\"elementor-column elementor-col-100 elementor-inner-column elementor-element elementor-element-21cc3fda\" data-id=\"21cc3fda\" data-element_type=\"column\" data-e-type=\"column\">\n\t\t\t<div class=\"elementor-widget-wrap elementor-element-populated\">\n\t\t\t\t\t\t<div class=\"elementor-element elementor-element-4a51c61a elementor-position-top elementor-widget elementor-widget-image-box\" data-id=\"4a51c61a\" data-element_type=\"widget\" data-e-type=\"widget\" data-widget_type=\"image-box.default\">\n\t\t\t\t\t<div class=\"elementor-image-box-wrapper\"><figure class=\"elementor-image-box-img\"><img loading=\"lazy\" decoding=\"async\" width=\"74\" height=\"74\" src=\"https:\/\/www.roulageplus.sk\/wp-content\/uploads\/2025\/03\/Worldwide.png\" class=\"attachment-full size-full wp-image-81\" alt=\"\" \/><\/figure><div class=\"elementor-image-box-content\"><h3 class=\"elementor-image-box-title\">D\u00c9CLARATION EN DOUANE<\/h3><p class=\"elementor-image-box-description\">La d\u00e9claration en douane garantit le traitement correct et l\u00e9gal des importations et des exportations de marchandises entre l'UE et les pays tiers, conform\u00e9ment \u00e0 la r\u00e9glementation douani\u00e8re en vigueur.<\/p><\/div><\/div>\t\t\t\t<\/div>\n\t\t\t\t<div class=\"elementor-element elementor-element-703d7ba8 elementor-align-center elementor-widget elementor-widget-button\" data-id=\"703d7ba8\" data-element_type=\"widget\" data-e-type=\"widget\" data-widget_type=\"button.default\">\n\t\t\t\t\t\t\t\t\t\t<a class=\"elementor-button elementor-button-link elementor-size-md\" href=\"https:\/\/www.roulageplus.sk\/index.php\/sluzby\/colna-deklaracia\/\">\n\t\t\t\t\t\t<span class=\"elementor-button-content-wrapper\">\n\t\t\t\t\t\t\t\t\t<span class=\"elementor-button-text\">PLUS D'INFOS<\/span>\n\t\t\t\t\t<\/span>\n\t\t\t\t\t<\/a>\n\t\t\t\t\t\t\t\t<\/div>\n\t\t\t\t\t<\/div>\n\t\t<\/div>\n\t\t\t\t\t<\/div>\n\t\t<\/section>\n\t\t\t\t\t<\/div>\n\t\t<\/div>\n\t\t\t\t\t<\/div>\n\t\t<\/section>\n\t\t\t\t<section class=\"elementor-section elementor-top-section elementor-element elementor-element-9b76c94 elementor-section-boxed elementor-section-height-default elementor-section-height-default\" data-id=\"9b76c94\" data-element_type=\"section\" data-e-type=\"section\">\n\t\t\t\t\t\t<div class=\"elementor-container elementor-column-gap-default\">\n\t\t\t\t\t<div class=\"elementor-column elementor-col-100 elementor-top-column elementor-element elementor-element-a4eb9ea\" data-id=\"a4eb9ea\" data-element_type=\"column\" data-e-type=\"column\">\n\t\t\t<div class=\"elementor-widget-wrap elementor-element-populated\">\n\t\t\t\t\t\t<div class=\"elementor-element elementor-element-adbc5c1 elementor-widget__width-initial elementor-widget elementor-widget-text-editor\" data-id=\"adbc5c1\" data-element_type=\"widget\" data-e-type=\"widget\" data-widget_type=\"text-editor.default\">\n\t\t\t\t\t\t\t\t\t<p>Nous proposons \u00e9galement des services de conseil dans les domaines diff\u00e9rents. Par exemple, dans les domaines de l'audit logistique, de l'analyse approfondie, de l'\u00e9valuation, de la conception des solutions et de sa mise en \u0153uvre pratique.<\/p>\t\t\t\t\t\t\t\t<\/div>\n\t\t\t\t\t<\/div>\n\t\t<\/div>\n\t\t\t\t\t<\/div>\n\t\t<\/section>\n\t\t<div class=\"elementor-element elementor-element-62ccec6 e-flex e-con-boxed e-con e-parent\" data-id=\"62ccec6\" data-element_type=\"container\" data-e-type=\"container\">\n\t\t\t\t\t<div class=\"e-con-inner\">\n\t\t\t\t\t<\/div>\n\t\t\t\t<\/div>\n\t\t\t\t<\/div>","protected":false},"excerpt":{"rendered":"<p>Slu\u017eby Na\u0161e pon\u00fakan\u00e9 \u0161pedi\u010dn\u00e9 slu\u017eby \u2013 pre koho s\u00fa vhodn\u00e9 a \u010do dok\u00e1\u017eeme prepravi\u0165? Domov \/ Slu\u017eby Na\u0161e slu\u017eby Na\u0161e pon\u00fakan\u00e9 \u0161pedi\u010dn\u00e9 slu\u017eby \u2013 pre koho s\u00fa vhodn\u00e9 a \u010do dok\u00e1\u017eeme prepravi\u0165? Zasielate\u013estvo (\u0161ped\u00edcia) Zasielate\u013estvo (\u0161ped\u00edcia) zabezpe\u010duje komplexn\u00fa organiz\u00e1ciu prepravy vr\u00e1tane administrat\u00edvy a coln\u00e9ho odbavenia v mene klienta. Viac info Logistika Logistika zabezpe\u010duje dodanie spr\u00e1vneho [&hellip;]<\/p>\n","protected":false},"author":1,"featured_media":0,"parent":0,"menu_order":0,"comment_status":"closed","ping_status":"closed","template":"","meta":{"_acf_changed":false,"inline_featured_image":false,"footnotes":""},"class_list":["post-169","page","type-page","status-publish","hentry"],"acf":[],"yoast_head":"<!-- This site is optimized with the Yoast SEO plugin v27.0 - https:\/\/yoast.com\/product\/yoast-seo-wordpress\/ -->\n<title>Slu\u017eby - Roulage Plus<\/title>\n<meta name=\"robots\" content=\"index, follow, max-snippet:-1, max-image-preview:large, max-video-preview:-1\" \/>\n<link rel=\"canonical\" href=\"https:\/\/www.roulageplus.sk\/fr\/sluzby\/\" \/>\n<meta property=\"og:locale\" content=\"fr_FR\" \/>\n<meta property=\"og:type\" content=\"article\" \/>\n<meta property=\"og:title\" content=\"Slu\u017eby - Roulage Plus\" \/>\n<meta property=\"og:description\" content=\"Slu\u017eby Na\u0161e pon\u00fakan\u00e9 \u0161pedi\u010dn\u00e9 slu\u017eby \u2013 pre koho s\u00fa vhodn\u00e9 a \u010do dok\u00e1\u017eeme prepravi\u0165? Domov \/ Slu\u017eby Na\u0161e slu\u017eby Na\u0161e pon\u00fakan\u00e9 \u0161pedi\u010dn\u00e9 slu\u017eby \u2013 pre koho s\u00fa vhodn\u00e9 a \u010do dok\u00e1\u017eeme prepravi\u0165? Zasielate\u013estvo (\u0161ped\u00edcia) Zasielate\u013estvo (\u0161ped\u00edcia) zabezpe\u010duje komplexn\u00fa organiz\u00e1ciu prepravy vr\u00e1tane administrat\u00edvy a coln\u00e9ho odbavenia v mene klienta. Viac info Logistika Logistika zabezpe\u010duje dodanie spr\u00e1vneho [&hellip;]\" \/>\n<meta property=\"og:url\" content=\"https:\/\/www.roulageplus.sk\/fr\/sluzby\/\" \/>\n<meta property=\"og:site_name\" content=\"Roulage Plus\" \/>\n<meta property=\"article:modified_time\" content=\"2025-04-09T19:02:01+00:00\" \/>\n<meta property=\"og:image\" content=\"https:\/\/www.roulageplus.sk\/wp-content\/uploads\/2025\/03\/Truck.png\" \/>\n<meta name=\"twitter:card\" content=\"summary_large_image\" \/>\n<meta name=\"twitter:label1\" content=\"Dur\u00e9e de lecture estim\u00e9e\" \/>\n\t<meta name=\"twitter:data1\" content=\"1 minute\" \/>\n<script type=\"application\/ld+json\" class=\"yoast-schema-graph\">{\"@context\":\"https:\/\/schema.org\",\"@graph\":[{\"@type\":\"WebPage\",\"@id\":\"https:\/\/www.roulageplus.sk\/sluzby\/\",\"url\":\"https:\/\/www.roulageplus.sk\/sluzby\/\",\"name\":\"Slu\u017eby - Roulage Plus\",\"isPartOf\":{\"@id\":\"https:\/\/www.roulageplus.sk\/en\/#website\"},\"primaryImageOfPage\":{\"@id\":\"https:\/\/www.roulageplus.sk\/sluzby\/#primaryimage\"},\"image\":{\"@id\":\"https:\/\/www.roulageplus.sk\/sluzby\/#primaryimage\"},\"thumbnailUrl\":\"https:\/\/www.roulageplus.sk\/wp-content\/uploads\/2025\/03\/Truck.png\",\"datePublished\":\"2025-03-23T14:47:37+00:00\",\"dateModified\":\"2025-04-09T19:02:01+00:00\",\"breadcrumb\":{\"@id\":\"https:\/\/www.roulageplus.sk\/sluzby\/#breadcrumb\"},\"inLanguage\":\"fr-FR\",\"potentialAction\":[{\"@type\":\"ReadAction\",\"target\":[\"https:\/\/www.roulageplus.sk\/sluzby\/\"]}]},{\"@type\":\"ImageObject\",\"inLanguage\":\"fr-FR\",\"@id\":\"https:\/\/www.roulageplus.sk\/sluzby\/#primaryimage\",\"url\":\"https:\/\/www.roulageplus.sk\/wp-content\/uploads\/2025\/03\/Truck.png\",\"contentUrl\":\"https:\/\/www.roulageplus.sk\/wp-content\/uploads\/2025\/03\/Truck.png\"},{\"@type\":\"BreadcrumbList\",\"@id\":\"https:\/\/www.roulageplus.sk\/sluzby\/#breadcrumb\",\"itemListElement\":[{\"@type\":\"ListItem\",\"position\":1,\"name\":\"Domovsk\u00e1 str\u00e1nka\",\"item\":\"https:\/\/www.roulageplus.sk\/\"},{\"@type\":\"ListItem\",\"position\":2,\"name\":\"Slu\u017eby\"}]},{\"@type\":\"WebSite\",\"@id\":\"https:\/\/www.roulageplus.sk\/en\/#website\",\"url\":\"https:\/\/www.roulageplus.sk\/en\/\",\"name\":\"Roulage Plus\",\"description\":\"\",\"potentialAction\":[{\"@type\":\"SearchAction\",\"target\":{\"@type\":\"EntryPoint\",\"urlTemplate\":\"https:\/\/www.roulageplus.sk\/en\/?s={search_term_string}\"},\"query-input\":{\"@type\":\"PropertyValueSpecification\",\"valueRequired\":true,\"valueName\":\"search_term_string\"}}],\"inLanguage\":\"fr-FR\"}]}<\/script>\n<!-- \/ Yoast SEO plugin. -->","yoast_head_json":{"title":"Slu\u017eby - Roulage Plus","robots":{"index":"index","follow":"follow","max-snippet":"max-snippet:-1","max-image-preview":"max-image-preview:large","max-video-preview":"max-video-preview:-1"},"canonical":"https:\/\/www.roulageplus.sk\/fr\/sluzby\/","og_locale":"fr_FR","og_type":"article","og_title":"Slu\u017eby - Roulage Plus","og_description":"Slu\u017eby Na\u0161e pon\u00fakan\u00e9 \u0161pedi\u010dn\u00e9 slu\u017eby \u2013 pre koho s\u00fa vhodn\u00e9 a \u010do dok\u00e1\u017eeme prepravi\u0165? Domov \/ Slu\u017eby Na\u0161e slu\u017eby Na\u0161e pon\u00fakan\u00e9 \u0161pedi\u010dn\u00e9 slu\u017eby \u2013 pre koho s\u00fa vhodn\u00e9 a \u010do dok\u00e1\u017eeme prepravi\u0165? Zasielate\u013estvo (\u0161ped\u00edcia) Zasielate\u013estvo (\u0161ped\u00edcia) zabezpe\u010duje komplexn\u00fa organiz\u00e1ciu prepravy vr\u00e1tane administrat\u00edvy a coln\u00e9ho odbavenia v mene klienta. Viac info Logistika Logistika zabezpe\u010duje dodanie spr\u00e1vneho [&hellip;]","og_url":"https:\/\/www.roulageplus.sk\/fr\/sluzby\/","og_site_name":"Roulage Plus","article_modified_time":"2025-04-09T19:02:01+00:00","og_image":[{"url":"https:\/\/www.roulageplus.sk\/wp-content\/uploads\/2025\/03\/Truck.png","type":"","width":"","height":""}],"twitter_card":"summary_large_image","twitter_misc":{"Dur\u00e9e de lecture estim\u00e9e":"1 minute"},"schema":{"@context":"https:\/\/schema.org","@graph":[{"@type":"WebPage","@id":"https:\/\/www.roulageplus.sk\/sluzby\/","url":"https:\/\/www.roulageplus.sk\/sluzby\/","name":"Slu\u017eby - Roulage Plus","isPartOf":{"@id":"https:\/\/www.roulageplus.sk\/en\/#website"},"primaryImageOfPage":{"@id":"https:\/\/www.roulageplus.sk\/sluzby\/#primaryimage"},"image":{"@id":"https:\/\/www.roulageplus.sk\/sluzby\/#primaryimage"},"thumbnailUrl":"https:\/\/www.roulageplus.sk\/wp-content\/uploads\/2025\/03\/Truck.png","datePublished":"2025-03-23T14:47:37+00:00","dateModified":"2025-04-09T19:02:01+00:00","breadcrumb":{"@id":"https:\/\/www.roulageplus.sk\/sluzby\/#breadcrumb"},"inLanguage":"fr-FR","potentialAction":[{"@type":"ReadAction","target":["https:\/\/www.roulageplus.sk\/sluzby\/"]}]},{"@type":"ImageObject","inLanguage":"fr-FR","@id":"https:\/\/www.roulageplus.sk\/sluzby\/#primaryimage","url":"https:\/\/www.roulageplus.sk\/wp-content\/uploads\/2025\/03\/Truck.png","contentUrl":"https:\/\/www.roulageplus.sk\/wp-content\/uploads\/2025\/03\/Truck.png"},{"@type":"BreadcrumbList","@id":"https:\/\/www.roulageplus.sk\/sluzby\/#breadcrumb","itemListElement":[{"@type":"ListItem","position":1,"name":"Domovsk\u00e1 str\u00e1nka","item":"https:\/\/www.roulageplus.sk\/"},{"@type":"ListItem","position":2,"name":"Slu\u017eby"}]},{"@type":"WebSite","@id":"https:\/\/www.roulageplus.sk\/en\/#website","url":"https:\/\/www.roulageplus.sk\/en\/","name":"Roulage Plus","description":"","potentialAction":[{"@type":"SearchAction","target":{"@type":"EntryPoint","urlTemplate":"https:\/\/www.roulageplus.sk\/en\/?s={search_term_string}"},"query-input":{"@type":"PropertyValueSpecification","valueRequired":true,"valueName":"search_term_string"}}],"inLanguage":"fr-FR"}]}},"_links":{"self":[{"href":"https:\/\/www.roulageplus.sk\/fr\/wp-json\/wp\/v2\/pages\/169","targetHints":{"allow":["GET"]}}],"collection":[{"href":"https:\/\/www.roulageplus.sk\/fr\/wp-json\/wp\/v2\/pages"}],"about":[{"href":"https:\/\/www.roulageplus.sk\/fr\/wp-json\/wp\/v2\/types\/page"}],"author":[{"embeddable":true,"href":"https:\/\/www.roulageplus.sk\/fr\/wp-json\/wp\/v2\/users\/1"}],"replies":[{"embeddable":true,"href":"https:\/\/www.roulageplus.sk\/fr\/wp-json\/wp\/v2\/comments?post=169"}],"version-history":[{"count":16,"href":"https:\/\/www.roulageplus.sk\/fr\/wp-json\/wp\/v2\/pages\/169\/revisions"}],"predecessor-version":[{"id":482,"href":"https:\/\/www.roulageplus.sk\/fr\/wp-json\/wp\/v2\/pages\/169\/revisions\/482"}],"wp:attachment":[{"href":"https:\/\/www.roulageplus.sk\/fr\/wp-json\/wp\/v2\/media?parent=169"}],"curies":[{"name":"wp","href":"https:\/\/api.w.org\/{rel}","templated":true}]}}